{"id":3279,"date":"2016-11-02T18:57:25","date_gmt":"2016-11-02T18:57:25","guid":{"rendered":"https:\/\/osiguranpopust.com\/?page_id=3279"},"modified":"2018-09-26T18:23:33","modified_gmt":"2018-09-26T18:23:33","slug":"naslovna","status":"publish","type":"page","link":"https:\/\/osiguranpopust.com\/bs\/","title":{"rendered":"Naslovna"},"content":{"rendered":"","protected":false},"excerpt":{"rendered":"","protected":false},"author":1,"featured_media":0,"parent":0,"menu_order":0,"comment_status":"closed","ping_status":"closed","template":"","meta":[],"yoast_head":"<!-- This site is optimized with the Yoast SEO plugin v15.2 - https:\/\/yoast.com\/wordpress\/plugins\/seo\/ -->\n<title>COFUS Osiguran Popust | COFUS KARTICA stvarno vredi i \u0161tedi!<\/title>\n<meta name=\"description\" content=\"U\u0161teda na pravom mestu! POPUSTI i ASISTENCIJE Pomo\u0107 na putu Evropa | Srbija | BiH | Crna Gora | COFUS Osiguran Popust \u2013 najve\u0107a regionalna mre\u017ea popusta koja donosi sigurnost i u\u0161tedu! Dobro do\u0161li!\" \/>\n<meta name=\"robots\" content=\"index, follow, max-snippet:-1, max-image-preview:large, max-video-preview:-1\" \/>\n<link rel=\"canonical\" href=\"https:\/\/osiguranpopust.com\/bs\/\" \/>\n<meta property=\"og:locale\" content=\"bs_BA\" \/>\n<meta property=\"og:type\" content=\"article\" \/>\n<meta property=\"og:title\" content=\"COFUS Osiguran Popust | COFUS KARTICA stvarno vredi i \u0161tedi!\" \/>\n<meta property=\"og:description\" content=\"U\u0161teda na pravom mestu! POPUSTI i ASISTENCIJE Pomo\u0107 na putu Evropa | Srbija | BiH | Crna Gora | COFUS Osiguran Popust \u2013 najve\u0107a regionalna mre\u017ea popusta koja donosi sigurnost i u\u0161tedu! Dobro do\u0161li!\" \/>\n<meta property=\"og:url\" content=\"https:\/\/osiguranpopust.com\/bs\/\" \/>\n<meta property=\"og:site_name\" content=\"COFUS Osiguran Popust\" \/>\n<meta property=\"article:publisher\" content=\"https:\/\/www.facebook.com\/OsiguranPopust\/\" \/>\n<meta property=\"article:modified_time\" content=\"2018-09-26T18:23:33+00:00\" \/>\n<meta property=\"og:image\" content=\"https:\/\/osiguranpopust.com\/wp-content\/uploads\/2018\/04\/brosura-cofus-osiguran-popust.jpg\" \/>\n\t<meta property=\"og:image:width\" content=\"1170\" \/>\n\t<meta property=\"og:image:height\" content=\"2550\" \/>\n<meta name=\"twitter:card\" content=\"summary\" \/>\n<meta name=\"twitter:title\" content=\"COFUS Osiguran Popust | COFUS KARTICA stvarno vredi i \u0161tedi!\" \/>\n<meta name=\"twitter:description\" content=\"U\u0161teda na pravom mestu! POPUSTI i ASISTENCIJE Pomo\u0107 na putu Evropa | Srbija | BiH | Crna Gora | COFUS Osiguran Popust \u2013 najve\u0107a regionalna mre\u017ea popusta koja donosi sigurnost i u\u0161tedu! Dobro do\u0161li!\" \/>\n<meta name=\"twitter:image\" content=\"https:\/\/osiguranpopust.com\/wp-content\/uploads\/2018\/04\/brosura-cofus-osiguran-popust.jpg\" \/>\n<meta name=\"twitter:creator\" content=\"@OsiguranPopust\" \/>\n<meta name=\"twitter:site\" content=\"@OsiguranPopust\" \/>\n<meta name=\"twitter:label1\" value=\"Written by\">\n\t<meta name=\"twitter:data1\" value=\"popust_adm\">\n<script type=\"application\/ld+json\" class=\"yoast-schema-graph\">{\"@context\":\"https:\/\/schema.org\",\"@graph\":[{\"@type\":\"WebSite\",\"@id\":\"https:\/\/osiguranpopust.com\/#website\",\"url\":\"https:\/\/osiguranpopust.com\/\",\"name\":\"COFUS Osiguran Popust\",\"description\":\"Nova dimenzija podr\\u0161ke i u\\u0161tede\",\"potentialAction\":[{\"@type\":\"SearchAction\",\"target\":\"https:\/\/osiguranpopust.com\/?s={search_term_string}\",\"query-input\":\"required name=search_term_string\"}],\"inLanguage\":\"bs-BA\"},{\"@type\":\"WebPage\",\"@id\":\"https:\/\/osiguranpopust.com\/bs\/#webpage\",\"url\":\"https:\/\/osiguranpopust.com\/bs\/\",\"name\":\"COFUS Osiguran Popust | COFUS KARTICA stvarno vredi i \\u0161tedi!\",\"isPartOf\":{\"@id\":\"https:\/\/osiguranpopust.com\/#website\"},\"datePublished\":\"2016-11-02T18:57:25+00:00\",\"dateModified\":\"2018-09-26T18:23:33+00:00\",\"description\":\"U\\u0161teda na pravom mestu! POPUSTI i ASISTENCIJE Pomo\\u0107 na putu Evropa | Srbija | BiH | Crna Gora | COFUS Osiguran Popust \\u2013 najve\\u0107a regionalna mre\\u017ea popusta koja donosi sigurnost i u\\u0161tedu! Dobro do\\u0161li!\",\"inLanguage\":\"bs-BA\",\"potentialAction\":[{\"@type\":\"ReadAction\",\"target\":[\"https:\/\/osiguranpopust.com\/bs\/\"]}]}]}<\/script>\n<!-- \/ Yoast SEO plugin. -->","_links":{"self":[{"href":"https:\/\/osiguranpopust.com\/bs\/wp-json\/wp\/v2\/pages\/3279\/"}],"collection":[{"href":"https:\/\/osiguranpopust.com\/bs\/wp-json\/wp\/v2\/pages\/"}],"about":[{"href":"https:\/\/osiguranpopust.com\/bs\/wp-json\/wp\/v2\/types\/page\/"}],"author":[{"embeddable":true,"href":"https:\/\/osiguranpopust.com\/bs\/wp-json\/wp\/v2\/users\/1\/"}],"replies":[{"embeddable":true,"href":"https:\/\/osiguranpopust.com\/bs\/wp-json\/wp\/v2\/comments\/?post=3279"}],"version-history":[{"count":1,"href":"https:\/\/osiguranpopust.com\/bs\/wp-json\/wp\/v2\/pages\/3279\/revisions\/"}],"predecessor-version":[{"id":7559,"href":"https:\/\/osiguranpopust.com\/bs\/wp-json\/wp\/v2\/pages\/3279\/revisions\/7559\/"}],"wp:attachment":[{"href":"https:\/\/osiguranpopust.com\/bs\/wp-json\/wp\/v2\/media\/?parent=3279"}],"curies":[{"name":"wp","href":"https:\/\/api.w.org\/{rel}","templated":true}]}}