{"id":3288,"date":"2017-02-26T18:25:03","date_gmt":"2017-02-26T18:25:03","guid":{"rendered":"https:\/\/osiguranpopust.com\/o-nama\/"},"modified":"2018-05-10T23:56:37","modified_gmt":"2018-05-10T23:56:37","slug":"kontakt","status":"publish","type":"page","link":"https:\/\/osiguranpopust.com\/bs\/kontakt\/","title":{"rendered":"Kontakt"},"content":{"rendered":"<p>COFUS Osiguran Popust &#8211; najve\u0107a regionalna mre\u017ea popusta koja donosi sigurnost i u\u0161tedu!<\/p>\n<p><a href=\"http:\/\/cofuspopust.com\/\" rel=\"noopener\">COFUS POPUST<\/a>\u00a0| <a href=\"http:\/\/cofusasistencije.com\/\" target=\"_blank\" rel=\"noopener\"><span style=\"color: #cc222f;\">COFUS Assistance<\/span><\/a><br \/>\nTelefon: +387 51 214 727<br \/>\nE-Mail: <a href=\"mailto:info@cofusasistencije.com\">info@cofusasistencije.com<\/a><\/p>\n<p><a href=\"https:\/\/osiguranpopust.com\/kartica-osiguran-popust\/\">OSIGURAN POPUST<\/a>\u00a0|\u00a0<span style=\"color: #cc222f;\"><a style=\"color: #cc222f;\" href=\"http:\/\/centarzaosiguranje.com\/\" target=\"_blank\" rel=\"noopener\">CEPEOS<\/a><\/span><br \/>\nTelefon: +381 63 833 88 33<br \/>\nE-Mail:\u00a0<a href=\"mailto:info@osiguranpopust.rs\">info@osiguranpopust.rs<\/a><\/p>\n","protected":false},"excerpt":{"rendered":"<p>COFUS Osiguran Popust &#8211; najve\u0107a regionalna mre\u017ea popusta koja donosi sigurnost i u\u0161tedu! COFUS POPUST\u00a0| COFUS Assistance Telefon: +387 51 214 727 E-Mail: info@cofusasistencije.com OSIGURAN POPUST\u00a0|\u00a0CEPEOS Telefon: +381 63 833 88 33 E-Mail:\u00a0info@osiguranpopust.rs<\/p>\n","protected":false},"author":1,"featured_media":0,"parent":0,"menu_order":0,"comment_status":"closed","ping_status":"closed","template":"template-kontakt-stranica.php","meta":[],"yoast_head":"<!-- This site is optimized with the Yoast SEO plugin v15.2 - https:\/\/yoast.com\/wordpress\/plugins\/seo\/ -->\n<title>Kontakt | COFUS Osiguran Popust | Stvarno vredi i \u0161tedi!<\/title>\n<meta name=\"description\" content=\"COFUS Asistencije &amp; COFUS Osiguran Popust donose Vam sigurnost i u\u0161tedu tokom celog perioda kori\u0161\u0107enja, kao i isplativost ve\u0107 na samom po\u010detku. Dobro do\u0161li!\" \/>\n<meta name=\"robots\" content=\"index, follow, max-snippet:-1, max-image-preview:large, max-video-preview:-1\" \/>\n<link rel=\"canonical\" href=\"https:\/\/osiguranpopust.com\/bs\/kontakt\/\" \/>\n<meta property=\"og:locale\" content=\"bs_BA\" \/>\n<meta property=\"og:type\" content=\"article\" \/>\n<meta property=\"og:title\" content=\"Kontakt | COFUS Osiguran Popust | Stvarno vredi i \u0161tedi!\" \/>\n<meta property=\"og:description\" content=\"COFUS Asistencije &amp; COFUS Osiguran Popust donose Vam sigurnost i u\u0161tedu tokom celog perioda kori\u0161\u0107enja, kao i isplativost ve\u0107 na samom po\u010detku. Dobro do\u0161li!\" \/>\n<meta property=\"og:url\" content=\"https:\/\/osiguranpopust.com\/bs\/kontakt\/\" \/>\n<meta property=\"og:site_name\" content=\"COFUS Osiguran Popust\" \/>\n<meta property=\"article:publisher\" content=\"https:\/\/www.facebook.com\/OsiguranPopust\/\" \/>\n<meta property=\"article:modified_time\" content=\"2018-05-10T23:56:37+00:00\" \/>\n<meta property=\"og:image\" content=\"https:\/\/osiguranpopust.com\/wp-content\/uploads\/2018\/04\/brosura-cofus-osiguran-popust.jpg\" \/>\n\t<meta property=\"og:image:width\" content=\"1170\" \/>\n\t<meta property=\"og:image:height\" content=\"2550\" \/>\n<meta name=\"twitter:card\" content=\"summary\" \/>\n<meta name=\"twitter:title\" content=\"Kontakt | COFUS Osiguran Popust | Stvarno vredi i \u0161tedi!\" \/>\n<meta name=\"twitter:description\" content=\"COFUS Asistencije &amp; COFUS Osiguran Popust donose Vam sigurnost i u\u0161tedu tokom celog perioda kori\u0161\u0107enja, kao i isplativost ve\u0107 na samom po\u010detku. Dobro do\u0161li!\" \/>\n<meta name=\"twitter:image\" content=\"https:\/\/osiguranpopust.com\/wp-content\/uploads\/2018\/04\/brosura-cofus-osiguran-popust.jpg\" \/>\n<meta name=\"twitter:creator\" content=\"@OsiguranPopust\" \/>\n<meta name=\"twitter:site\" content=\"@OsiguranPopust\" \/>\n<meta name=\"twitter:label1\" value=\"Written by\">\n\t<meta name=\"twitter:data1\" value=\"popust_adm\">\n\t<meta name=\"twitter:label2\" value=\"Est. reading time\">\n\t<meta name=\"twitter:data2\" value=\"0 minute\">\n<script type=\"application\/ld+json\" class=\"yoast-schema-graph\">{\"@context\":\"https:\/\/schema.org\",\"@graph\":[{\"@type\":\"WebSite\",\"@id\":\"https:\/\/osiguranpopust.com\/#website\",\"url\":\"https:\/\/osiguranpopust.com\/\",\"name\":\"COFUS Osiguran Popust\",\"description\":\"Nova dimenzija podr\\u0161ke i u\\u0161tede\",\"potentialAction\":[{\"@type\":\"SearchAction\",\"target\":\"https:\/\/osiguranpopust.com\/?s={search_term_string}\",\"query-input\":\"required name=search_term_string\"}],\"inLanguage\":\"bs-BA\"},{\"@type\":\"WebPage\",\"@id\":\"https:\/\/osiguranpopust.com\/bs\/kontakt\/#webpage\",\"url\":\"https:\/\/osiguranpopust.com\/bs\/kontakt\/\",\"name\":\"Kontakt | COFUS Osiguran Popust | Stvarno vredi i \\u0161tedi!\",\"isPartOf\":{\"@id\":\"https:\/\/osiguranpopust.com\/#website\"},\"datePublished\":\"2017-02-26T18:25:03+00:00\",\"dateModified\":\"2018-05-10T23:56:37+00:00\",\"description\":\"COFUS Asistencije & COFUS Osiguran Popust donose Vam sigurnost i u\\u0161tedu tokom celog perioda kori\\u0161\\u0107enja, kao i isplativost ve\\u0107 na samom po\\u010detku. Dobro do\\u0161li!\",\"inLanguage\":\"bs-BA\",\"potentialAction\":[{\"@type\":\"ReadAction\",\"target\":[\"https:\/\/osiguranpopust.com\/bs\/kontakt\/\"]}]}]}<\/script>\n<!-- \/ Yoast SEO plugin. -->","_links":{"self":[{"href":"https:\/\/osiguranpopust.com\/bs\/wp-json\/wp\/v2\/pages\/3288\/"}],"collection":[{"href":"https:\/\/osiguranpopust.com\/bs\/wp-json\/wp\/v2\/pages\/"}],"about":[{"href":"https:\/\/osiguranpopust.com\/bs\/wp-json\/wp\/v2\/types\/page\/"}],"author":[{"embeddable":true,"href":"https:\/\/osiguranpopust.com\/bs\/wp-json\/wp\/v2\/users\/1\/"}],"replies":[{"embeddable":true,"href":"https:\/\/osiguranpopust.com\/bs\/wp-json\/wp\/v2\/comments\/?post=3288"}],"version-history":[{"count":0,"href":"https:\/\/osiguranpopust.com\/bs\/wp-json\/wp\/v2\/pages\/3288\/revisions\/"}],"wp:attachment":[{"href":"https:\/\/osiguranpopust.com\/bs\/wp-json\/wp\/v2\/media\/?parent=3288"}],"curies":[{"name":"wp","href":"https:\/\/api.w.org\/{rel}","templated":true}]}}