{"id":3296,"date":"2017-02-26T18:24:50","date_gmt":"2017-02-26T18:24:50","guid":{"rendered":"https:\/\/osiguranpopust.com\/uslovi-koriscenja\/"},"modified":"2018-04-28T22:58:06","modified_gmt":"2018-04-28T22:58:06","slug":"uslovi-osiguran-popust","status":"publish","type":"page","link":"https:\/\/osiguranpopust.com\/bs\/uslovi-osiguran-popust\/","title":{"rendered":"Uslovi | Osiguran Popust"},"content":{"rendered":"<div class=\"col-sm-8\">1.Udru\u017eenje CEPEOS je pokreta\u010d kluba <a href=\"https:\/\/osiguranpopust.com\/popust\/\">Osiguran Popust <\/a>i izdava\u010d li\u010dne popust kartice Osiguran Popust (u daljem tekstu: Kartica) za sve registrovane korisnike, koja ostaje u njenom vlasni\u0161tvu. Udru\u017eenje CEPEOS zadr\u017eava pravo da u bilo kom trenutku i bez prethodne najave povu\u010de Karticu iz opticaja i da promeni ili u potpunosti ukine elemente kartice Osiguran Popust. Korisnik Kartice mo\u017ee postati svaka punoletna osoba koja CEPEOS-u putem registracije stavi na raspolaganje obavezne podatke navedene u pristupnici za popust karticu Osiguran Popust (u daljem tekstu: Pristupnica) i uplati iznos godi\u0161nje \u010dlanarine.<br \/>\n2. Podaci korisnika navedeni u Pristupnici koriste se isklju\u010divo u svrhu informisanja korisnika o razli\u010ditim akcijama kluba Osiguran Popust i njenih partnera i to samo onim korisnicima koji nisu naveli da ne \u017eele da primaju te informacije. Li\u010dni podaci o korisnicima Kartice se ne razmenjuju sa drugim korisnicima, u skladu sa Zakonom o za\u0161titi podataka o li\u010dnosti.<br \/>\n3. Kartica nije prenosiva i mo\u017ee je koristiti isklju\u010divo registrovani korisnik. Kartica se ne mo\u017ee koristiti kao sredstvo pla\u0107anja.<br \/>\n4. Korisnik ima pravo da u svako doba pisanim putem izmeni podatke koje je prethodno dostavio. Korisnik tako\u0111e ima pravo da pisanim putem ili telefonskim pozivom otka\u017ee kori\u0161\u0107enje kartice, uz povrat kartice izdava\u010du. Va\u017eenje kartice prestaje od trenutka kada izdava\u010d primi obave\u0161tenje o otkazu i vra\u0107enu karticu.<br \/>\n5. CEPEOS mo\u017ee prema sopstvenoj proceni i bez prethodne najave isklju\u010diti iz kluba Osiguran Popust bilo kog korisnika. CEPEOS je du\u017ean da Korisnika obavesti o isklju\u010denju, ali nije obavezan da obrazlo\u017ei svoju odluku korisniku.<br \/>\n6. Spisak partnera kluba Osiguran Popust kod kojih korisnici Kartice mogu ostvariti popuste i druge pogodnosti, dostupan je na internet stranici OsiguranPopust.com.<br \/>\n7. CEPEOS se odri\u010de od odgovornosti usled eventualno nastalog spora izme\u0111u korisnika kartice i prodavaca proizvoda i usluga partnera &#8211; kluba Osiguran Popust, ali \u0107e nastojati da se svi eventualni sporovi re\u0161e na zadovoljstvo obe strane u skladu sa zakonom.<br \/>\n8. O svakoj izmeni pravila kluba Osiguran Popust, kao i promeni osniva\u010da i partnera kluba, CEPEOS \u0107e korisnika obavestiti na odgovaraju\u0107i na\u010din. Aktuelna pravila su dostupna na internet stranici OsiguranPopust.com.<br \/>\n9. U slu\u010daju gubitka ili kra\u0111e kartice, korisnik je obavezan da nestanak kartice prijavi CEPEOS-u.<br \/>\n10. Svako neovla\u0161\u0107eno kopiranje i umno\u017eavanje Kartice, bi\u0107e sankcionisano u skladu sa zakonskim propisima. Potpisom pristupnice korisnik prihvata ova pravila bezuslovno.<br \/>\n11. CEPEOS se obavezuje da \u0107e sve li\u010dne podatke korisnika Kartice \u010duvati i da ih ne\u0107e ustupiti, u skladu sa Zakonom o za\u0161titi podataka o li\u010dnosti.<\/div>\n<div class=\"col-sm-4 hidden-xs\"><a href=\"https:\/\/osiguranpopust.com\/bs\/porucite-karticu\/\"><img loading=\"lazy\" class=\"alignnone size-full wp-image-780\" src=\"https:\/\/osiguranpopust.com\/wp-content\/uploads\/2018\/04\/cofus-osiguran-popust-kartica-2018.jpg\" alt=\"cofus-osiguran-popust-kartica-2018\" width=\"100%\" height=\"auto\" \/><\/a><\/div>\n","protected":false},"excerpt":{"rendered":"<p>1.Udru\u017eenje CEPEOS je pokreta\u010d kluba Osiguran Popust i izdava\u010d li\u010dne popust kartice Osiguran Popust (u daljem tekstu: Kartica) za sve registrovane korisnike, koja ostaje u njenom vlasni\u0161tvu. Udru\u017eenje CEPEOS zadr\u017eava pravo da u bilo kom trenutku i bez prethodne najave povu\u010de Karticu iz opticaja i da promeni ili u potpunosti ukine elemente kartice Osiguran Popust. [&hellip;]<\/p>\n","protected":false},"author":1,"featured_media":0,"parent":0,"menu_order":0,"comment_status":"closed","ping_status":"closed","template":"template-opsti-kod-daje.php","meta":[],"yoast_head":"<!-- This site is optimized with the Yoast SEO plugin v15.2 - https:\/\/yoast.com\/wordpress\/plugins\/seo\/ -->\n<title>Uslovi kori\u0161\u0107enja | POPUST KARTICA COFUS Osiguran Popust!<\/title>\n<meta name=\"description\" content=\"Spisak partnera kluba COFUS Osiguran Popust kod kojih korisnici Kartice mogu ostvariti popuste i druge pogodnosti, dostupan je na stranici OsiguranPopust.com.\" \/>\n<meta name=\"robots\" content=\"index, follow, max-snippet:-1, max-image-preview:large, max-video-preview:-1\" \/>\n<link rel=\"canonical\" href=\"https:\/\/osiguranpopust.com\/bs\/uslovi-osiguran-popust\/\" \/>\n<meta property=\"og:locale\" content=\"bs_BA\" \/>\n<meta property=\"og:type\" content=\"article\" \/>\n<meta property=\"og:title\" content=\"Uslovi kori\u0161\u0107enja | POPUST KARTICA COFUS Osiguran Popust!\" \/>\n<meta property=\"og:description\" content=\"Spisak partnera kluba COFUS Osiguran Popust kod kojih korisnici Kartice mogu ostvariti popuste i druge pogodnosti, dostupan je na stranici OsiguranPopust.com.\" \/>\n<meta property=\"og:url\" content=\"https:\/\/osiguranpopust.com\/bs\/uslovi-osiguran-popust\/\" \/>\n<meta property=\"og:site_name\" content=\"COFUS Osiguran Popust\" \/>\n<meta property=\"article:publisher\" content=\"https:\/\/www.facebook.com\/OsiguranPopust\/\" \/>\n<meta property=\"article:modified_time\" content=\"2018-04-28T22:58:06+00:00\" \/>\n<meta property=\"og:image\" content=\"https:\/\/osiguranpopust.com\/wp-content\/uploads\/2018\/04\/cofus-osiguran-popust-kartica-2018.jpg\" \/>\n<meta name=\"twitter:card\" content=\"summary\" \/>\n<meta name=\"twitter:title\" content=\"Uslovi kori\u0161\u0107enja | POPUST KARTICA COFUS Osiguran Popust!\" \/>\n<meta name=\"twitter:description\" content=\"Spisak partnera kluba COFUS Osiguran Popust kod kojih korisnici Kartice mogu ostvariti popuste i druge pogodnosti, dostupan je na stranici OsiguranPopust.com.\" \/>\n<meta name=\"twitter:creator\" content=\"@OsiguranPopust\" \/>\n<meta name=\"twitter:site\" content=\"@OsiguranPopust\" \/>\n<meta name=\"twitter:label1\" value=\"Written by\">\n\t<meta name=\"twitter:data1\" value=\"popust_adm\">\n\t<meta name=\"twitter:label2\" value=\"Est. reading time\">\n\t<meta name=\"twitter:data2\" value=\"2 minute\">\n<script type=\"application\/ld+json\" class=\"yoast-schema-graph\">{\"@context\":\"https:\/\/schema.org\",\"@graph\":[{\"@type\":\"WebSite\",\"@id\":\"https:\/\/osiguranpopust.com\/#website\",\"url\":\"https:\/\/osiguranpopust.com\/\",\"name\":\"COFUS Osiguran Popust\",\"description\":\"Nova dimenzija podr\\u0161ke i u\\u0161tede\",\"potentialAction\":[{\"@type\":\"SearchAction\",\"target\":\"https:\/\/osiguranpopust.com\/?s={search_term_string}\",\"query-input\":\"required name=search_term_string\"}],\"inLanguage\":\"bs-BA\"},{\"@type\":\"ImageObject\",\"@id\":\"https:\/\/osiguranpopust.com\/bs\/uslovi-osiguran-popust\/#primaryimage\",\"inLanguage\":\"bs-BA\",\"url\":\"https:\/\/osiguranpopust.com\/wp-content\/uploads\/2018\/04\/cofus-osiguran-popust-kartica-2018.jpg\",\"width\":1170,\"height\":2550,\"caption\":\"cofus-osiguran-popust-kartica-2018\"},{\"@type\":\"WebPage\",\"@id\":\"https:\/\/osiguranpopust.com\/bs\/uslovi-osiguran-popust\/#webpage\",\"url\":\"https:\/\/osiguranpopust.com\/bs\/uslovi-osiguran-popust\/\",\"name\":\"Uslovi kori\\u0161\\u0107enja | POPUST KARTICA COFUS Osiguran Popust!\",\"isPartOf\":{\"@id\":\"https:\/\/osiguranpopust.com\/#website\"},\"primaryImageOfPage\":{\"@id\":\"https:\/\/osiguranpopust.com\/bs\/uslovi-osiguran-popust\/#primaryimage\"},\"datePublished\":\"2017-02-26T18:24:50+00:00\",\"dateModified\":\"2018-04-28T22:58:06+00:00\",\"description\":\"Spisak partnera kluba COFUS Osiguran Popust kod kojih korisnici Kartice mogu ostvariti popuste i druge pogodnosti, dostupan je na stranici OsiguranPopust.com.\",\"inLanguage\":\"bs-BA\",\"potentialAction\":[{\"@type\":\"ReadAction\",\"target\":[\"https:\/\/osiguranpopust.com\/bs\/uslovi-osiguran-popust\/\"]}]}]}<\/script>\n<!-- \/ Yoast SEO plugin. -->","_links":{"self":[{"href":"https:\/\/osiguranpopust.com\/bs\/wp-json\/wp\/v2\/pages\/3296\/"}],"collection":[{"href":"https:\/\/osiguranpopust.com\/bs\/wp-json\/wp\/v2\/pages\/"}],"about":[{"href":"https:\/\/osiguranpopust.com\/bs\/wp-json\/wp\/v2\/types\/page\/"}],"author":[{"embeddable":true,"href":"https:\/\/osiguranpopust.com\/bs\/wp-json\/wp\/v2\/users\/1\/"}],"replies":[{"embeddable":true,"href":"https:\/\/osiguranpopust.com\/bs\/wp-json\/wp\/v2\/comments\/?post=3296"}],"version-history":[{"count":0,"href":"https:\/\/osiguranpopust.com\/bs\/wp-json\/wp\/v2\/pages\/3296\/revisions\/"}],"wp:attachment":[{"href":"https:\/\/osiguranpopust.com\/bs\/wp-json\/wp\/v2\/media\/?parent=3296"}],"curies":[{"name":"wp","href":"https:\/\/api.w.org\/{rel}","templated":true}]}}