{"id":3297,"date":"2017-02-26T18:26:46","date_gmt":"2017-02-26T18:26:46","guid":{"rendered":"https:\/\/osiguranpopust.com\/za-partnere\/"},"modified":"2018-05-10T22:26:35","modified_gmt":"2018-05-10T22:26:35","slug":"saradnja","status":"publish","type":"page","link":"https:\/\/osiguranpopust.com\/bs\/saradnja\/","title":{"rendered":"Saradnja"},"content":{"rendered":"<div class=\"col-sm-8\">\n<h4>Postanite na\u0161 partner!<span style=\"color: #cc222f;\">\u00a0<\/span><\/h4>\n<p>Kompanija <a href=\"http:\/\/cofusasistencije.com\/\" target=\"_blank\" rel=\"noopener\">COFUS Assistance<\/a> i udru\u017eenje <a href=\"http:\/\/centarzaosiguranje.com\/\" target=\"_blank\" rel=\"noopener\">CEPEOS<\/a> kao kreatori i vlasnici sistema <span style=\"color: #cc222f;\">COFUS Osiguran Popust<\/span> vas pozivaju da postanete partner u sistemu i iskoristite sve prednosti koje vam na\u0161a saradnja omogu\u0107ava. Kao partner u sistemu, bi\u0107ete u prilici da dodatno promovi\u0161ete svoje usluge i proizvode, dolazite do novih kupaca i ja\u010date vezu sa postoje\u0107im.<\/p>\n<p>U okviru sistema COFUS Osiguran Popust, pravo na <a href=\"https:\/\/osiguranpopust.com\/popust\/\">popuste<\/a> kod partnera u sistemu ostvaruje preko 450.000 na\u0161ih korisnika, a na\u0161a misija je da im obijezbedimo mogu\u0107nost da svakog dana ostvaruju posebne pogodnosti prilikom kupovine.<\/p>\n<p>Zato sa svojim korisnicima svakodnevno komuniciramo putem razli\u010ditih kanala kao \u0161to su web stranica, dru\u0161tvene mre\u017ee, newsletter, itd., obave\u0161tavaju\u0107i ih o ponudi partnera koji im odobravaju <a href=\"https:\/\/osiguranpopust.com\/popust\/\">popuste<\/a>.<\/p>\n<p>Prednosti uklju\u010divanja u mre\u017eu partnera su zna\u010dajne, a ulaganje je minimalno.<\/p>\n<p>Da biste postali partner u sistemu, dovoljno je da odredite <a href=\"https:\/\/osiguranpopust.com\/popust\/\">popust<\/a> na proizvode i usluge koji \u0107ete odobravati na\u0161im korisnicima prilikom svake kupovine, a me\u0111usobna prava i obaveze reguli\u0161emo ugovorom o poslovno-tehni\u010dkoj saradnji, pri \u010demu:<\/p>\n<ul style=\"list-style-type: disc;\">\n<li>svaki partner dobija posebnu poziciju na na\u0161oj web stranici sa detaljnijim opisom djelatnosti, ozna\u010denim popustom, kontaktima, fotografijama i drugim podacima;<\/li>\n<li>COFUS i CEPEOS se obavezuju da \u0107e putem zvani\u010dne web stranice i drugih kanala komunikacije obavje\u0161tavati korisnike kartica u sistemu COFUS Osiguran Popust o povoljnostima koje mogu koristiti kod partnera;<\/li>\n<li>partner se obavezuje da \u0107e, u skladu sa zakonom i obi\u010dajima dobrog poslovanja, odobriti popust korisnicima kartica u sistemu COFUS Osiguran Popust;<\/li>\n<li>partner se obavezuje da na svojim prodajnim mjestima, na vidnom mjestu istakne obave\u0161tenje o pogodnostima koje pru\u017ea korisnicima kartica u sistemu COFUS Osiguran Popust.<\/li>\n<\/ul>\n<p>Mre\u017eu partnera u sistemu COFUS Osiguran Popust trenutno \u010dini preko 500 partnera u 7 zemalja (Srbija, Bosna i Hercegovina, Crna Gora, Austrija, Slovenija, Makedonija i Gr\u010dka). <a href=\"https:\/\/osiguranpopust.com\/popust\/\"><span style=\"color: #cc222f;\">Pridru\u017eite nam se!<\/span><\/a><\/p>\n<p>Sve ostale informacije o mogu\u0107nostima saradnje mo\u017eete saznati preko na\u0161ih saradnika ili direktno.<br \/>\n<a href=\"https:\/\/osiguranpopust.com\/bs\/saradnja-3\/\"><span style=\"color: #cc222f;\">COFUS Osiguran Popust<\/span><\/a> | <a href=\"mailto:cop@cofuspopust.com\">cop@cofuspopust.com\u00a0<\/a>| <a href=\"mailto:info@osiguranpopust.com\">info@osiguranpopust.com<\/a><\/p>\n<p>&nbsp;<\/p>\n<\/div>\n<div class=\"col-sm-4 hidden-xs\"><a href=\"https:\/\/osiguranpopust.com\/popust\/\"><img loading=\"lazy\" class=\"alignnone size-full wp-image-780\" src=\"https:\/\/osiguranpopust.com\/wp-content\/uploads\/2018\/04\/brosura-cofus-osiguran-popust.jpg\" alt=\"brosura-cofus-osiguran-popust-kartica\" width=\"100%\" height=\"auto\" \/><\/a><\/div>\n","protected":false},"excerpt":{"rendered":"<p>Postanite na\u0161 partner!\u00a0 Kompanija COFUS Assistance i udru\u017eenje CEPEOS kao kreatori i vlasnici sistema COFUS Osiguran Popust vas pozivaju da postanete partner u sistemu i iskoristite sve prednosti koje vam na\u0161a saradnja omogu\u0107ava. Kao partner u sistemu, bi\u0107ete u prilici da dodatno promovi\u0161ete svoje usluge i proizvode, dolazite do novih kupaca i ja\u010date vezu sa [&hellip;]<\/p>\n","protected":false},"author":1,"featured_media":0,"parent":0,"menu_order":0,"comment_status":"closed","ping_status":"closed","template":"template-opsti.php","meta":[],"yoast_head":"<!-- This site is optimized with the Yoast SEO plugin v15.2 - https:\/\/yoast.com\/wordpress\/plugins\/seo\/ -->\n<title>Saradnja | DOBRO DO\u0160LI u COFUS Osiguran POPUST<\/title>\n<meta name=\"description\" content=\"Postanite na\u0161 partner! Mre\u017eu partnera u sistemu COFUS Osiguran Popust trenutno \u010dini preko 500 partnera u 7 zemalja (Srbija, Bosna i Hercegovina, Crna Gora, Austrija, Slovenija, Makedonija i Gr\u010dka). Pridru\u017eite nam se!\" \/>\n<meta name=\"robots\" content=\"index, follow, max-snippet:-1, max-image-preview:large, max-video-preview:-1\" \/>\n<link rel=\"canonical\" href=\"https:\/\/osiguranpopust.com\/bs\/saradnja\/\" \/>\n<meta property=\"og:locale\" content=\"bs_BA\" \/>\n<meta property=\"og:type\" content=\"article\" \/>\n<meta property=\"og:title\" content=\"Saradnja | DOBRO DO\u0160LI u COFUS Osiguran POPUST\" \/>\n<meta property=\"og:description\" content=\"Postanite na\u0161 partner! Mre\u017eu partnera u sistemu COFUS Osiguran Popust trenutno \u010dini preko 500 partnera u 7 zemalja (Srbija, Bosna i Hercegovina, Crna Gora, Austrija, Slovenija, Makedonija i Gr\u010dka). Pridru\u017eite nam se!\" \/>\n<meta property=\"og:url\" content=\"https:\/\/osiguranpopust.com\/bs\/saradnja\/\" \/>\n<meta property=\"og:site_name\" content=\"COFUS Osiguran Popust\" \/>\n<meta property=\"article:publisher\" content=\"https:\/\/www.facebook.com\/OsiguranPopust\/\" \/>\n<meta property=\"article:modified_time\" content=\"2018-05-10T22:26:35+00:00\" \/>\n<meta property=\"og:image\" content=\"https:\/\/osiguranpopust.com\/wp-content\/uploads\/2018\/04\/brosura-cofus-osiguran-popust.jpg\" \/>\n<meta name=\"twitter:card\" content=\"summary\" \/>\n<meta name=\"twitter:title\" content=\"Saradnja | DOBRO DO\u0160LI u COFUS Osiguran POPUST\" \/>\n<meta name=\"twitter:description\" content=\"Postanite na\u0161 partner! Mre\u017eu partnera u sistemu COFUS Osiguran Popust trenutno \u010dini preko 500 partnera u 7 zemalja (Srbija, Bosna i Hercegovina, Crna Gora, Austrija, Slovenija, Makedonija i Gr\u010dka). Pridru\u017eite nam se!\" \/>\n<meta name=\"twitter:creator\" content=\"@OsiguranPopust\" \/>\n<meta name=\"twitter:site\" content=\"@OsiguranPopust\" \/>\n<meta name=\"twitter:label1\" value=\"Written by\">\n\t<meta name=\"twitter:data1\" value=\"popust_adm\">\n\t<meta name=\"twitter:label2\" value=\"Est. reading time\">\n\t<meta name=\"twitter:data2\" value=\"1 minuta\">\n<script type=\"application\/ld+json\" class=\"yoast-schema-graph\">{\"@context\":\"https:\/\/schema.org\",\"@graph\":[{\"@type\":\"WebSite\",\"@id\":\"https:\/\/osiguranpopust.com\/#website\",\"url\":\"https:\/\/osiguranpopust.com\/\",\"name\":\"COFUS Osiguran Popust\",\"description\":\"Nova dimenzija podr\\u0161ke i u\\u0161tede\",\"potentialAction\":[{\"@type\":\"SearchAction\",\"target\":\"https:\/\/osiguranpopust.com\/?s={search_term_string}\",\"query-input\":\"required name=search_term_string\"}],\"inLanguage\":\"bs-BA\"},{\"@type\":\"ImageObject\",\"@id\":\"https:\/\/osiguranpopust.com\/bs\/saradnja\/#primaryimage\",\"inLanguage\":\"bs-BA\",\"url\":\"https:\/\/osiguranpopust.com\/wp-content\/uploads\/2018\/04\/brosura-cofus-osiguran-popust.jpg\",\"width\":1170,\"height\":2550,\"caption\":\"brosura-cofus-osiguran-popust\"},{\"@type\":\"WebPage\",\"@id\":\"https:\/\/osiguranpopust.com\/bs\/saradnja\/#webpage\",\"url\":\"https:\/\/osiguranpopust.com\/bs\/saradnja\/\",\"name\":\"Saradnja | DOBRO DO\\u0160LI u COFUS Osiguran POPUST\",\"isPartOf\":{\"@id\":\"https:\/\/osiguranpopust.com\/#website\"},\"primaryImageOfPage\":{\"@id\":\"https:\/\/osiguranpopust.com\/bs\/saradnja\/#primaryimage\"},\"datePublished\":\"2017-02-26T18:26:46+00:00\",\"dateModified\":\"2018-05-10T22:26:35+00:00\",\"description\":\"Postanite na\\u0161 partner! Mre\\u017eu partnera u sistemu COFUS Osiguran Popust trenutno \\u010dini preko 500 partnera u 7 zemalja (Srbija, Bosna i Hercegovina, Crna Gora, Austrija, Slovenija, Makedonija i Gr\\u010dka). Pridru\\u017eite nam se!\",\"inLanguage\":\"bs-BA\",\"potentialAction\":[{\"@type\":\"ReadAction\",\"target\":[\"https:\/\/osiguranpopust.com\/bs\/saradnja\/\"]}]}]}<\/script>\n<!-- \/ Yoast SEO plugin. -->","_links":{"self":[{"href":"https:\/\/osiguranpopust.com\/bs\/wp-json\/wp\/v2\/pages\/3297\/"}],"collection":[{"href":"https:\/\/osiguranpopust.com\/bs\/wp-json\/wp\/v2\/pages\/"}],"about":[{"href":"https:\/\/osiguranpopust.com\/bs\/wp-json\/wp\/v2\/types\/page\/"}],"author":[{"embeddable":true,"href":"https:\/\/osiguranpopust.com\/bs\/wp-json\/wp\/v2\/users\/1\/"}],"replies":[{"embeddable":true,"href":"https:\/\/osiguranpopust.com\/bs\/wp-json\/wp\/v2\/comments\/?post=3297"}],"version-history":[{"count":0,"href":"https:\/\/osiguranpopust.com\/bs\/wp-json\/wp\/v2\/pages\/3297\/revisions\/"}],"wp:attachment":[{"href":"https:\/\/osiguranpopust.com\/bs\/wp-json\/wp\/v2\/media\/?parent=3297"}],"curies":[{"name":"wp","href":"https:\/\/api.w.org\/{rel}","templated":true}]}}