{"id":4300,"date":"2018-04-29T07:28:36","date_gmt":"2018-04-29T07:28:36","guid":{"rendered":"https:\/\/osiguranpopust.com\/saradnja-3\/"},"modified":"2018-05-10T22:23:51","modified_gmt":"2018-05-10T22:23:51","slug":"o-nama","status":"publish","type":"page","link":"https:\/\/osiguranpopust.com\/bs\/o-nama\/","title":{"rendered":"O nama"},"content":{"rendered":"<div class=\"col-sm-8\">\n<p>Kreatori i vlasnici sistema <span style=\"color: #cc222f;\">COFUS Osiguran Popust<\/span> su kompanija <a href=\"http:\/\/cofusasistencije.com\/\" target=\"_blank\" rel=\"noopener\">COFUS Assistance<\/a>\u00a0i udru\u017eenje <a href=\"http:\/\/centarzaosiguranje.com\/\" target=\"_blank\" rel=\"noopener\">CEPEOS<\/a>, koji su svoje sisteme popusta koje su samostalno razvili pod nazivom COFUS POPUST i Osiguran Popust ujedinili sa namjerom da svojim korisnicima pru\u017ee jo\u0161 vi\u0161e pogodnosti.<\/p>\n<p>COFUS Osiguran Popust je najve\u0107a regionalna mre\u017ea popusta koja broji preko 500 lokacija u 7 zemalja (Srbija, Bosna i Hercegovina, Crna Gora, Austrija, Slovenija, Makedonija i Gr\u010dka) i kontinuirano se razvija.<\/p>\n<p>Mre\u017eu partnera u sistemu \u010dine benzinske stanice, prodavnice odje\u0107e, obu\u0107e, auto-dijelova, sportske opreme, saloni lepote, zdravstvene ustanove, hoteli, restorani, i mnogi drugi.<\/p>\n<p>Sistem COFUS Osiguran Popust je uspostavljen s ciljem da se korisnicima paketa asistencija iz COFUS Asistentskog programa obezbijedi dodatna vrijednost uz njihove asistentske kartice.<\/p>\n<p>Korisnici tako, pored asistencija kao \u0161to su Pomo\u0107 na putu, Ku\u0107ni majstor, GoodLife \u2013 li\u010dni asistent, Medicinska asistencija, Pravna asistencija i druge, uz svoju asistentsku karticu, ostvaruju direktne popuste prilikom kupovine kod <a href=\"https:\/\/osiguranpopust.com\/popust\/\">partnera<\/a> u sistemu.<\/p>\n<p>Na\u0161a je misija da svojim korisnicima obezbijedimo poseban status kod razli\u010ditih partnera, te da pogodnosti u vidu <a href=\"https:\/\/osiguranpopust.com\/popust\/\">popusta<\/a> ostvaruju prilikom svake kupovine, omogu\u0107avaju\u0107i im tako zadovoljenje razli\u010ditih svakodnevnih \u017eivotnih potreba.<\/p>\n<p>Sve ostale informacije mo\u017eete saznati preko na\u0161ih saradnika ili direktno.<br \/>\n<a title=\"Kontakt Osiguran Popust\" href=\"https:\/\/osiguranpopust.com\/bs\/saradnja\/\"><span style=\"color: #cc222f;\">COFUS Osiguran Popust<\/span><\/a> | <a href=\"mailto:cop@cofuspopust.com\">cop@cofuspopust.com\u00a0<\/a>| <a href=\"mailto:info@osiguranpopust.com\">info@osiguranpopust.com<\/a><\/p>\n<p>&nbsp;<\/p>\n<\/div>\n<div class=\"col-sm-4 hidden-xs\"><a href=\"https:\/\/osiguranpopust.com\/popust\/\"><img loading=\"lazy\" class=\"alignnone size-full wp-image-780\" src=\"https:\/\/osiguranpopust.com\/wp-content\/uploads\/2018\/04\/brosura-cofus-osiguran-popust.jpg\" alt=\"brosura-cofus-osiguran-popust-kartica\" width=\"100%\" height=\"auto\" \/><\/a><\/div>\n","protected":false},"excerpt":{"rendered":"<p>Kreatori i vlasnici sistema COFUS Osiguran Popust su kompanija COFUS Assistance\u00a0i udru\u017eenje CEPEOS, koji su svoje sisteme popusta koje su samostalno razvili pod nazivom COFUS POPUST i Osiguran Popust ujedinili sa namjerom da svojim korisnicima pru\u017ee jo\u0161 vi\u0161e pogodnosti. COFUS Osiguran Popust je najve\u0107a regionalna mre\u017ea popusta koja broji preko 500 lokacija u 7 zemalja [&hellip;]<\/p>\n","protected":false},"author":1,"featured_media":0,"parent":0,"menu_order":0,"comment_status":"closed","ping_status":"closed","template":"template-opsti.php","meta":[],"yoast_head":"<!-- This site is optimized with the Yoast SEO plugin v15.2 - https:\/\/yoast.com\/wordpress\/plugins\/seo\/ -->\n<title>O nama | DOBRO DO\u0160LI u COFUS Osiguran POPUST<\/title>\n<meta name=\"description\" content=\"COFUS Osiguran Popust je najve\u0107a regionalna mre\u017ea popusta koja broji preko 500 partnera u 7 zemalja (Srbija, Bosna i Hercegovina, Crna Gora, Austrija, Slovenija, Makedonija i Gr\u010dka) i kontinuirano se razvija i \u0161iri... Pridru\u017eite nam se!\" \/>\n<meta name=\"robots\" content=\"index, follow, max-snippet:-1, max-image-preview:large, max-video-preview:-1\" \/>\n<link rel=\"canonical\" href=\"https:\/\/osiguranpopust.com\/bs\/o-nama\/\" \/>\n<meta property=\"og:locale\" content=\"bs_BA\" \/>\n<meta property=\"og:type\" content=\"article\" \/>\n<meta property=\"og:title\" content=\"O nama | DOBRO DO\u0160LI u COFUS Osiguran POPUST\" \/>\n<meta property=\"og:description\" content=\"COFUS Osiguran Popust je najve\u0107a regionalna mre\u017ea popusta koja broji preko 500 partnera u 7 zemalja (Srbija, Bosna i Hercegovina, Crna Gora, Austrija, Slovenija, Makedonija i Gr\u010dka) i kontinuirano se razvija i \u0161iri... Pridru\u017eite nam se!\" \/>\n<meta property=\"og:url\" content=\"https:\/\/osiguranpopust.com\/bs\/o-nama\/\" \/>\n<meta property=\"og:site_name\" content=\"COFUS Osiguran Popust\" \/>\n<meta property=\"article:publisher\" content=\"https:\/\/www.facebook.com\/OsiguranPopust\/\" \/>\n<meta property=\"article:modified_time\" content=\"2018-05-10T22:23:51+00:00\" \/>\n<meta property=\"og:image\" content=\"https:\/\/osiguranpopust.com\/wp-content\/uploads\/2018\/04\/brosura-cofus-osiguran-popust.jpg\" \/>\n<meta name=\"twitter:card\" content=\"summary\" \/>\n<meta name=\"twitter:title\" content=\"O nama | DOBRO DO\u0160LI u COFUS Osiguran POPUST\" \/>\n<meta name=\"twitter:description\" content=\"COFUS Osiguran Popust je najve\u0107a regionalna mre\u017ea popusta koja broji preko 500 partnera u 7 zemalja (Srbija, Bosna i Hercegovina, Crna Gora, Austrija, Slovenija, Makedonija i Gr\u010dka) i kontinuirano se razvija i \u0161iri... Pridru\u017eite nam se!\" \/>\n<meta name=\"twitter:creator\" content=\"@OsiguranPopust\" \/>\n<meta name=\"twitter:site\" content=\"@OsiguranPopust\" \/>\n<meta name=\"twitter:label1\" value=\"Written by\">\n\t<meta name=\"twitter:data1\" value=\"popust_adm\">\n\t<meta name=\"twitter:label2\" value=\"Est. reading time\">\n\t<meta name=\"twitter:data2\" value=\"1 minuta\">\n<script type=\"application\/ld+json\" class=\"yoast-schema-graph\">{\"@context\":\"https:\/\/schema.org\",\"@graph\":[{\"@type\":\"WebSite\",\"@id\":\"https:\/\/osiguranpopust.com\/#website\",\"url\":\"https:\/\/osiguranpopust.com\/\",\"name\":\"COFUS Osiguran Popust\",\"description\":\"Nova dimenzija podr\\u0161ke i u\\u0161tede\",\"potentialAction\":[{\"@type\":\"SearchAction\",\"target\":\"https:\/\/osiguranpopust.com\/?s={search_term_string}\",\"query-input\":\"required name=search_term_string\"}],\"inLanguage\":\"bs-BA\"},{\"@type\":\"ImageObject\",\"@id\":\"https:\/\/osiguranpopust.com\/bs\/o-nama\/#primaryimage\",\"inLanguage\":\"bs-BA\",\"url\":\"https:\/\/osiguranpopust.com\/wp-content\/uploads\/2018\/04\/brosura-cofus-osiguran-popust.jpg\",\"width\":1170,\"height\":2550,\"caption\":\"brosura-cofus-osiguran-popust\"},{\"@type\":\"WebPage\",\"@id\":\"https:\/\/osiguranpopust.com\/bs\/o-nama\/#webpage\",\"url\":\"https:\/\/osiguranpopust.com\/bs\/o-nama\/\",\"name\":\"O nama | DOBRO DO\\u0160LI u COFUS Osiguran POPUST\",\"isPartOf\":{\"@id\":\"https:\/\/osiguranpopust.com\/#website\"},\"primaryImageOfPage\":{\"@id\":\"https:\/\/osiguranpopust.com\/bs\/o-nama\/#primaryimage\"},\"datePublished\":\"2018-04-29T07:28:36+00:00\",\"dateModified\":\"2018-05-10T22:23:51+00:00\",\"description\":\"COFUS Osiguran Popust je najve\\u0107a regionalna mre\\u017ea popusta koja broji preko 500 partnera u 7 zemalja (Srbija, Bosna i Hercegovina, Crna Gora, Austrija, Slovenija, Makedonija i Gr\\u010dka) i kontinuirano se razvija i \\u0161iri... Pridru\\u017eite nam se!\",\"inLanguage\":\"bs-BA\",\"potentialAction\":[{\"@type\":\"ReadAction\",\"target\":[\"https:\/\/osiguranpopust.com\/bs\/o-nama\/\"]}]}]}<\/script>\n<!-- \/ Yoast SEO plugin. -->","_links":{"self":[{"href":"https:\/\/osiguranpopust.com\/bs\/wp-json\/wp\/v2\/pages\/4300\/"}],"collection":[{"href":"https:\/\/osiguranpopust.com\/bs\/wp-json\/wp\/v2\/pages\/"}],"about":[{"href":"https:\/\/osiguranpopust.com\/bs\/wp-json\/wp\/v2\/types\/page\/"}],"author":[{"embeddable":true,"href":"https:\/\/osiguranpopust.com\/bs\/wp-json\/wp\/v2\/users\/1\/"}],"replies":[{"embeddable":true,"href":"https:\/\/osiguranpopust.com\/bs\/wp-json\/wp\/v2\/comments\/?post=4300"}],"version-history":[{"count":0,"href":"https:\/\/osiguranpopust.com\/bs\/wp-json\/wp\/v2\/pages\/4300\/revisions\/"}],"wp:attachment":[{"href":"https:\/\/osiguranpopust.com\/bs\/wp-json\/wp\/v2\/media\/?parent=4300"}],"curies":[{"name":"wp","href":"https:\/\/api.w.org\/{rel}","templated":true}]}}