{"id":5499,"date":"2018-05-06T19:55:53","date_gmt":"2018-05-06T19:55:53","guid":{"rendered":"https:\/\/osiguranpopust.com\/kako-do-kartice-3\/"},"modified":"2018-05-10T22:32:38","modified_gmt":"2018-05-10T22:32:38","slug":"postanite-korisnik","status":"publish","type":"page","link":"https:\/\/osiguranpopust.com\/bs\/postanite-korisnik\/","title":{"rendered":"Postanite korisnik"},"content":{"rendered":"<p>Pogodnosti u sistemu <a href=\"https:\/\/osiguranpopust.com\/popust\/\" rel=\"noopener\">COFUS Osiguran Popust<\/a>\u00a0namijenjene su korisnicima nekog od paketa asistencija iz <a href=\"http:\/\/cofusasistencije.com\/\" target=\"_blank\" rel=\"noopener\">COFUS<\/a> Asistentskog programa (Pomo\u0107 na putu, Ku\u0107ni majstor, GoodLife \u2013 li\u010dni asistent, Pravna asistencija, Medicinska asistencija, Asistencija pri gubitku posla, Edu asistencija i Hitni babysitting).<br \/>\nDetalji o Asistentskom programu se nalaze na web stranici\u00a0<a href=\"http:\/\/cofusasistencije.com\/\" target=\"_blank\" rel=\"noopener\">www.cofusasistencije.com<\/a>.<\/p>\n<p>Pakete asistencija, a samim tim i karticu za popuste dobijate kao klijent i korisnik proizvoda i\/ili usluga neke od COFUS-ovih partnerskih kompanija kao \u0161to su dru\u0161tva za osiguranje, banke, naftne kompanije, i drugi. Da li ve\u0107 imate karticu za popuste pogledajte<a href=\"https:\/\/osiguranpopust.com\/bs\/cofus-kartice\/\"><span style=\"color: #cc222f;\"> ovdje<\/span>.<\/a><\/p>\n<p><strong>Kako do kartice?<\/strong><\/p>\n<p>Od sada, na ovla\u0161\u0107enim <a href=\"http:\/\/cofusasistencije.com\/sr\/asistentskakartica.php\" target=\"_blank\" rel=\"noopener\">prodajnim mjestima<\/a> mo\u017eete direktno kupiti pakete asistencije Pomo\u0107 na putu \u201e<a href=\"http:\/\/cofusasistencije.com\/sr\/asistentskakartica.php\">COFUS SRBIJA<\/a>\u201c i \u201e<a href=\"http:\/\/cofusasistencije.com\/sr\/asistentskakartica.php\">COFUS EVROPA<\/a>\u201c koji vam uz vrijednu asistenciju za pomo\u0107 u vanrednim situacijama tokom vo\u017enje, omogu\u0107avaju kori\u0161\u0107enje popusta u sistemu <a href=\"https:\/\/osiguranpopust.com\/popust\/\">COFUS Osiguran Popust<\/a>.<\/p>\n<p><a href=\"http:\/\/cofusasistencije.com\/sr\/asistentskakartica.php\" target=\"_blank\" rel=\"noopener\">COFUS Asistenska kartica<\/a>\u00a0mo\u017ee se naru\u010diti <span style=\"color: #cc222f;\"><a style=\"color: #cc222f;\" href=\"https:\/\/osiguranpopust.com\/bs\/porucite-karticu\/\">ONLINE<\/a><\/span><\/p>\n<p><strong>Prodajna mjesta:<\/strong><\/p>\n","protected":false},"excerpt":{"rendered":"<p>Pogodnosti u sistemu COFUS Osiguran Popust\u00a0namijenjene su korisnicima nekog od paketa asistencija iz COFUS Asistentskog programa (Pomo\u0107 na putu, Ku\u0107ni majstor, GoodLife \u2013 li\u010dni asistent, Pravna asistencija, Medicinska asistencija, Asistencija pri gubitku posla, Edu asistencija i Hitni babysitting). Detalji o Asistentskom programu se nalaze na web stranici\u00a0www.cofusasistencije.com. Pakete asistencija, a samim tim i karticu za [&hellip;]<\/p>\n","protected":false},"author":1,"featured_media":0,"parent":0,"menu_order":0,"comment_status":"closed","ping_status":"closed","template":"template-gde-nabaviti.php","meta":[],"yoast_head":"<!-- This site is optimized with the Yoast SEO plugin v15.2 - https:\/\/yoast.com\/wordpress\/plugins\/seo\/ -->\n<title>Kako do kartice COFUS Asistencije | COFUS Osiguran Popust<\/title>\n<meta name=\"description\" content=\"COFUS Asistenska kartica mo\u017ee se naru\u010diti ONLINE ili direktno na prodajnim mestima nazna\u010denih partnera | POPUSTI | ASISTENCIJE | Srbija | BiH | Crna Gora | Gr\u010dka | Evropa | U\u0161teda i pomo\u0107 na pravom mestu! Dobro do\u0161li!\" \/>\n<meta name=\"robots\" content=\"index, follow, max-snippet:-1, max-image-preview:large, max-video-preview:-1\" \/>\n<link rel=\"canonical\" href=\"https:\/\/osiguranpopust.com\/bs\/postanite-korisnik\/\" \/>\n<meta property=\"og:locale\" content=\"bs_BA\" \/>\n<meta property=\"og:type\" content=\"article\" \/>\n<meta property=\"og:title\" content=\"Kako do kartice COFUS Asistencije | COFUS Osiguran Popust\" \/>\n<meta property=\"og:description\" content=\"COFUS Asistenska kartica mo\u017ee se naru\u010diti ONLINE ili direktno na prodajnim mestima nazna\u010denih partnera | POPUSTI | ASISTENCIJE | Srbija | BiH | Crna Gora | Gr\u010dka | Evropa | U\u0161teda i pomo\u0107 na pravom mestu! Dobro do\u0161li!\" \/>\n<meta property=\"og:url\" content=\"https:\/\/osiguranpopust.com\/postanite-korisnik\/\" \/>\n<meta property=\"og:site_name\" content=\"COFUS Osiguran Popust\" \/>\n<meta property=\"article:publisher\" content=\"https:\/\/www.facebook.com\/OsiguranPopust\/\" \/>\n<meta property=\"article:modified_time\" content=\"2018-05-10T22:32:38+00:00\" \/>\n<meta name=\"twitter:card\" content=\"summary\" \/>\n<meta name=\"twitter:title\" content=\"Kako do kartice COFUS Asistencije | COFUS Osiguran Popust\" \/>\n<meta name=\"twitter:description\" content=\"COFUS Asistenska kartica mo\u017ee se naru\u010diti ONLINE ili direktno na prodajnim mestima nazna\u010denih partnera | POPUSTI | ASISTENCIJE | Srbija | BiH | Crna Gora | Gr\u010dka | Evropa | U\u0161teda i pomo\u0107 na pravom mestu! Dobro do\u0161li!\" \/>\n<meta name=\"twitter:creator\" content=\"@OsiguranPopust\" \/>\n<meta name=\"twitter:site\" content=\"@OsiguranPopust\" \/>\n<meta name=\"twitter:label1\" value=\"Written by\">\n\t<meta name=\"twitter:data1\" value=\"popust_adm\">\n\t<meta name=\"twitter:label2\" value=\"Est. reading time\">\n\t<meta name=\"twitter:data2\" value=\"1 minuta\">\n<script type=\"application\/ld+json\" class=\"yoast-schema-graph\">{\"@context\":\"https:\/\/schema.org\",\"@graph\":[{\"@type\":\"WebSite\",\"@id\":\"https:\/\/osiguranpopust.com\/#website\",\"url\":\"https:\/\/osiguranpopust.com\/\",\"name\":\"COFUS Osiguran Popust\",\"description\":\"Nova dimenzija podr\\u0161ke i u\\u0161tede\",\"potentialAction\":[{\"@type\":\"SearchAction\",\"target\":\"https:\/\/osiguranpopust.com\/?s={search_term_string}\",\"query-input\":\"required name=search_term_string\"}],\"inLanguage\":\"bs-BA\"},{\"@type\":\"WebPage\",\"@id\":\"https:\/\/osiguranpopust.com\/postanite-korisnik\/#webpage\",\"url\":\"https:\/\/osiguranpopust.com\/postanite-korisnik\/\",\"name\":\"Kako do kartice COFUS Asistencije | COFUS Osiguran Popust\",\"isPartOf\":{\"@id\":\"https:\/\/osiguranpopust.com\/#website\"},\"datePublished\":\"2018-05-06T19:55:53+00:00\",\"dateModified\":\"2018-05-10T22:32:38+00:00\",\"description\":\"COFUS Asistenska kartica mo\\u017ee se naru\\u010diti ONLINE ili direktno na prodajnim mestima nazna\\u010denih partnera | POPUSTI | ASISTENCIJE | Srbija | BiH | Crna Gora | Gr\\u010dka | Evropa | U\\u0161teda i pomo\\u0107 na pravom mestu! Dobro do\\u0161li!\",\"inLanguage\":\"bs-BA\",\"potentialAction\":[{\"@type\":\"ReadAction\",\"target\":[\"https:\/\/osiguranpopust.com\/postanite-korisnik\/\"]}]}]}<\/script>\n<!-- \/ Yoast SEO plugin. -->","_links":{"self":[{"href":"https:\/\/osiguranpopust.com\/bs\/wp-json\/wp\/v2\/pages\/5499\/"}],"collection":[{"href":"https:\/\/osiguranpopust.com\/bs\/wp-json\/wp\/v2\/pages\/"}],"about":[{"href":"https:\/\/osiguranpopust.com\/bs\/wp-json\/wp\/v2\/types\/page\/"}],"author":[{"embeddable":true,"href":"https:\/\/osiguranpopust.com\/bs\/wp-json\/wp\/v2\/users\/1\/"}],"replies":[{"embeddable":true,"href":"https:\/\/osiguranpopust.com\/bs\/wp-json\/wp\/v2\/comments\/?post=5499"}],"version-history":[{"count":0,"href":"https:\/\/osiguranpopust.com\/bs\/wp-json\/wp\/v2\/pages\/5499\/revisions\/"}],"wp:attachment":[{"href":"https:\/\/osiguranpopust.com\/bs\/wp-json\/wp\/v2\/media\/?parent=5499"}],"curies":[{"name":"wp","href":"https:\/\/api.w.org\/{rel}","templated":true}]}}